{"id":1519,"date":"2019-02-21T14:21:49","date_gmt":"2019-02-21T13:21:49","guid":{"rendered":"https:\/\/mupic.eu\/?page_id=1519"},"modified":"2021-11-09T12:18:45","modified_gmt":"2021-11-09T11:18:45","slug":"media","status":"publish","type":"page","link":"https:\/\/mupic.eu\/index.php\/media\/","title":{"rendered":"Media"},"content":{"rendered":"<h4>In Media:<\/h4>\n<ul>\n<li class=\"entry-title\">MUPIC 2019 alumnus Lucie \u0160ime\u010dkov\u00e1 now represents \u0160koda Transportation &#8211; read more (in Czech) at <a href=\"https:\/\/info.zcu.cz\/clanek.jsp?id=3884\">https:\/\/info.zcu.cz\/clanek.jsp?id=3884<\/a><\/li>\n<li>Florida Universitaria MUPIC announcements:<a href=\"https:\/\/noticiesdigitals.com\/els-socis-de-el-projecte-mupic-es-reuneixen-a-florida-universitaria\/\">\u00a0https:\/\/noticiesdigitals.com\/els-socis-de-el-projecte-mupic-es-reuneixen-a-florida-universitaria\/<\/a><\/li>\n<li>The second pilot course Final Week &#8211; presentations at <a href=\"https:\/\/info.zcu.cz\/clanek.jsp?id=3529\">www.zcu.cz\u00a0<\/a>(in Czech)<\/li>\n<li>The second pilot course Kick-off Week at <a href=\"https:\/\/info.zcu.cz\/clanek.jsp?id=3125\">www.zcu.cz\u00a0<\/a>(in Czech)<\/li>\n<li>Article about MUPIC at <a href=\"https:\/\/www.efvet.org\/2020\/10\/19\/mupic-multidisciplinary-projects-in-an-international-context\/\">https:\/\/www.efvet.org<\/a><\/li>\n<li><a href=\"https:\/\/info.zcu.cz\/clanek.jsp?id=2379\">Short announcement on the beginning of the first pilot course (in Czech)<\/a><\/li>\n<\/ul>\n<h4><\/h4>\n<h4>MUPIC leaflets:<\/h4>\n<p><a href=\"https:\/\/mupic.eu\/wp-content\/uploads\/2019\/04\/MUPIC_design1.pdf\">MUPIC 1<\/a><\/p>\n<p><a href=\"https:\/\/mupic.eu\/wp-content\/uploads\/2019\/04\/MUPIC4.pdf\">MUPIC 2<\/a><\/p>\n","protected":false},"excerpt":{"rendered":"<p>In Media: MUPIC 2019 alumnus Lucie \u0160ime\u010dkov\u00e1 now represents \u0160koda Transportation &#8211; read more (in Czech) at https:\/\/info.zcu.cz\/clanek.jsp?id=3884 Florida Universitaria MUPIC announcements:\u00a0https:\/\/noticiesdigitals.com\/els-socis-de-el-projecte-mupic-es-reuneixen-a-florida-universitaria\/ The second pilot course Final Week &#8211; presentations &#8230;<\/p>\n","protected":false},"author":1,"featured_media":0,"parent":0,"menu_order":0,"comment_status":"closed","ping_status":"closed","template":"","meta":[],"_links":{"self":[{"href":"https:\/\/mupic.eu\/index.php\/wp-json\/wp\/v2\/pages\/1519"}],"collection":[{"href":"https:\/\/mupic.eu\/index.php\/wp-json\/wp\/v2\/pages"}],"about":[{"href":"https:\/\/mupic.eu\/index.php\/wp-json\/wp\/v2\/types\/page"}],"author":[{"embeddable":true,"href":"https:\/\/mupic.eu\/index.php\/wp-json\/wp\/v2\/users\/1"}],"replies":[{"embeddable":true,"href":"https:\/\/mupic.eu\/index.php\/wp-json\/wp\/v2\/comments?post=1519"}],"version-history":[{"count":13,"href":"https:\/\/mupic.eu\/index.php\/wp-json\/wp\/v2\/pages\/1519\/revisions"}],"predecessor-version":[{"id":1968,"href":"https:\/\/mupic.eu\/index.php\/wp-json\/wp\/v2\/pages\/1519\/revisions\/1968"}],"wp:attachment":[{"href":"https:\/\/mupic.eu\/index.php\/wp-json\/wp\/v2\/media?parent=1519"}],"curies":[{"name":"wp","href":"https:\/\/api.w.org\/{rel}","templated":true}]}}