{"id":24,"date":"2019-01-24T19:42:36","date_gmt":"2019-01-24T18:42:36","guid":{"rendered":"https:\/\/mupic.eu\/?page_id=24"},"modified":"2019-02-21T14:23:08","modified_gmt":"2019-02-21T13:23:08","slug":"contact","status":"publish","type":"page","link":"https:\/\/mupic.eu\/index.php\/contact\/","title":{"rendered":"Contact"},"content":{"rendered":"<p><span style=\"color: #000000;\"><strong>Project coordinator:<\/strong><\/span><\/p>\n<p><span style=\"color: #000000;\">Jana \u010cepi\u010dkov\u00e1: <a style=\"color: #000000;\" href=\"mailto:jcepicko@ujp.zcu.cz\">jcepicko@ujp.zcu.cz<\/a>, University of West Bohemia, Czech Republic<\/span><\/p>\n<p><span style=\"color: #000000;\"><strong>Project partners:<\/strong><\/span><\/p>\n<p><span style=\"color: #000000;\">Marjatta Rannali: <a style=\"color: #000000;\" href=\"mailto:marjatta.rannali@turkuamk.fi\">marjatta.rannali@turkuamk.fi<\/a>, Turku University of Applied Sciences, Finland<\/span><\/p>\n<p><span style=\"color: #000000;\">Olivier Verlinden: <a style=\"color: #000000;\" href=\"mailto:%20Olivier.VERLINDEN@umons.ac.be\">Olivier.VERLINDEN@umons.ac.be<\/a> , University of Mons, Belgium<\/span><\/p>\n<p><span style=\"color: #000000;\">Adrian Roberto Broz Lofiego: <a style=\"color: #000000;\" href=\"mailto:abroz@florida-uni.es\">abroz@florida-uni.es<\/a>, Florida Centre de Formacio Sociedad Cooperativa, Spain<\/span><\/p>\n","protected":false},"excerpt":{"rendered":"<p>Project coordinator: Jana \u010cepi\u010dkov\u00e1: jcepicko@ujp.zcu.cz, University of West Bohemia, Czech Republic Project partners: Marjatta Rannali: marjatta.rannali@turkuamk.fi, Turku University of Applied Sciences, Finland Olivier Verlinden: Olivier.VERLINDEN@umons.ac.be , University of Mons, Belgium &#8230;<\/p>\n","protected":false},"author":1,"featured_media":0,"parent":0,"menu_order":0,"comment_status":"closed","ping_status":"closed","template":"","meta":[],"_links":{"self":[{"href":"https:\/\/mupic.eu\/index.php\/wp-json\/wp\/v2\/pages\/24"}],"collection":[{"href":"https:\/\/mupic.eu\/index.php\/wp-json\/wp\/v2\/pages"}],"about":[{"href":"https:\/\/mupic.eu\/index.php\/wp-json\/wp\/v2\/types\/page"}],"author":[{"embeddable":true,"href":"https:\/\/mupic.eu\/index.php\/wp-json\/wp\/v2\/users\/1"}],"replies":[{"embeddable":true,"href":"https:\/\/mupic.eu\/index.php\/wp-json\/wp\/v2\/comments?post=24"}],"version-history":[{"count":4,"href":"https:\/\/mupic.eu\/index.php\/wp-json\/wp\/v2\/pages\/24\/revisions"}],"predecessor-version":[{"id":1522,"href":"https:\/\/mupic.eu\/index.php\/wp-json\/wp\/v2\/pages\/24\/revisions\/1522"}],"wp:attachment":[{"href":"https:\/\/mupic.eu\/index.php\/wp-json\/wp\/v2\/media?parent=24"}],"curies":[{"name":"wp","href":"https:\/\/api.w.org\/{rel}","templated":true}]}}